{"id":7,"date":"2024-08-24T16:55:02","date_gmt":"2024-08-24T16:55:02","guid":{"rendered":"https:\/\/ip-think.com\/?page_id=7"},"modified":"2024-08-25T18:11:52","modified_gmt":"2024-08-25T18:11:52","slug":"accueil","status":"publish","type":"page","link":"https:\/\/ip-think.com\/","title":{"rendered":"Accueil"},"content":{"rendered":"\n<div class=\"wp-block-cover alignfull wp-duotone-unset-1\" style=\"border-style:none;border-width:0px;min-height:720px;aspect-ratio:unset;\"><span aria-hidden=\"true\" class=\"wp-block-cover__background has-background-dim-80 has-background-dim has-background-gradient\" style=\"background:radial-gradient(rgb(252,185,0) 0%,rgb(255,105,0) 100%)\"><\/span><div class=\"wp-block-cover__inner-container is-layout-flow wp-container-core-cover-is-layout-8a368f38 wp-block-cover-is-layout-flow\">\n<div class=\"inherit-container-width wp-block-group alignwide is-layout-constrained wp-block-group-is-layout-constrained\">\n<div class=\"wp-block-media-text alignwide has-media-on-the-right is-stacked-on-mobile is-vertically-aligned-center\" style=\"grid-template-columns:auto 43%\"><div class=\"wp-block-media-text__content\">\n<h1 class=\"wp-block-heading has-text-align-left has-white-color has-text-color has-x-large-font-size\">Votre partenaire smart <\/h1>\n\n\n\n<p>Chez <strong>IP-THINK<\/strong>, nous sommes experts dans l&rsquo;int\u00e9gration de solutions technologiques compl\u00e8tes, adapt\u00e9es aux besoins sp\u00e9cifiques de votre entreprise. Forts de notre expertise, nous vous accompagnons dans la mise en place de syst\u00e8mes performants et fiables pour optimiser votre infrastructure et garantir la s\u00e9curit\u00e9 de vos installations.<\/p>\n\n\n\n<div class=\"wp-block-buttons is-layout-flex wp-block-buttons-is-layout-flex\">\n<div class=\"wp-block-button\"><a class=\"wp-block-button__link wp-element-button\" href=\"#\">Contactez-nous<\/a><\/div>\n<\/div>\n<\/div><figure class=\"wp-block-media-text__media\"><img loading=\"lazy\" decoding=\"async\" width=\"1024\" height=\"693\" src=\"https:\/\/ip-think.com\/wp-content\/uploads\/2024\/08\/main-pic-1024x693.webp\" alt=\"\" class=\"wp-image-133 size-full\" srcset=\"https:\/\/ip-think.com\/wp-content\/uploads\/2024\/08\/main-pic-1024x693.webp 1024w, https:\/\/ip-think.com\/wp-content\/uploads\/2024\/08\/main-pic-300x203.webp 300w, https:\/\/ip-think.com\/wp-content\/uploads\/2024\/08\/main-pic-768x520.webp 768w, https:\/\/ip-think.com\/wp-content\/uploads\/2024\/08\/main-pic.webp 1286w\" sizes=\"auto, (max-width: 1024px) 100vw, 1024px\" \/><\/figure><\/div>\n<\/div>\n<\/div><\/div>\n\n\n\n<div class=\"wp-block-group alignfull has-ast-global-color-5-background-color has-background is-layout-constrained wp-container-core-group-is-layout-9cedb757 wp-block-group-is-layout-constrained\" style=\"padding-bottom:0px\">\n<div class=\"wp-block-columns is-layout-flex wp-container-core-columns-is-layout-28f84493 wp-block-columns-is-layout-flex\">\n<div class=\"wp-block-column is-layout-flow wp-block-column-is-layout-flow\">\n<h2 class=\"wp-block-heading\">Nos services<\/h2>\n<\/div>\n<\/div>\n\n\n\n<div class=\"wp-block-columns are-vertically-aligned-top is-layout-flex wp-container-core-columns-is-layout-00723822 wp-block-columns-is-layout-flex\">\n<div class=\"wp-block-column is-vertically-aligned-top is-layout-flow wp-container-core-column-is-layout-6b73ce23 wp-block-column-is-layout-flow\">\n<figure class=\"wp-block-image size-full is-resized\"><img loading=\"lazy\" decoding=\"async\" width=\"512\" height=\"512\" src=\"https:\/\/ip-think.com\/wp-content\/uploads\/2024\/08\/conception.png\" alt=\"\" class=\"wp-image-97\" style=\"width:77px;height:auto\" srcset=\"https:\/\/ip-think.com\/wp-content\/uploads\/2024\/08\/conception.png 512w, https:\/\/ip-think.com\/wp-content\/uploads\/2024\/08\/conception-300x300.png 300w, https:\/\/ip-think.com\/wp-content\/uploads\/2024\/08\/conception-150x150.png 150w\" sizes=\"auto, (max-width: 512px) 100vw, 512px\" \/><\/figure>\n\n\n\n<h3 class=\"wp-block-heading has-text-align-left has-medium-font-size\" style=\"margin-top:16px\">Consultation et Conception<\/h3>\n\n\n\n<p class=\"has-text-align-left\">Nous \u00e9valuons vos besoins pour concevoir des solutions sur mesure, align\u00e9es avec vos objectifs strat\u00e9giques et op\u00e9rationnels.<\/p>\n<\/div>\n\n\n\n<div class=\"wp-block-column is-vertically-aligned-top is-layout-flow wp-container-core-column-is-layout-6b73ce23 wp-block-column-is-layout-flow\">\n<figure class=\"wp-block-image size-full is-resized\"><img loading=\"lazy\" decoding=\"async\" width=\"512\" height=\"512\" src=\"https:\/\/ip-think.com\/wp-content\/uploads\/2024\/08\/operation.png\" alt=\"\" class=\"wp-image-96\" style=\"width:76px;height:auto\" srcset=\"https:\/\/ip-think.com\/wp-content\/uploads\/2024\/08\/operation.png 512w, https:\/\/ip-think.com\/wp-content\/uploads\/2024\/08\/operation-300x300.png 300w, https:\/\/ip-think.com\/wp-content\/uploads\/2024\/08\/operation-150x150.png 150w\" sizes=\"auto, (max-width: 512px) 100vw, 512px\" \/><\/figure>\n\n\n\n<h3 class=\"wp-block-heading has-text-align-left has-medium-font-size\" style=\"margin-top:16px\">Installation et Int\u00e9gration<\/h3>\n\n\n\n<p class=\"has-text-align-left\">Nos ing\u00e9nieurs et techniciens qualifi\u00e9s assurent l&rsquo;installation et l&rsquo;int\u00e9gration de tous les syst\u00e8mes, garantissant un fonctionnement harmonieux et interconnect\u00e9 de vos technologies.<\/p>\n<\/div>\n\n\n\n<div class=\"wp-block-column is-vertically-aligned-top is-layout-flow wp-container-core-column-is-layout-6b73ce23 wp-block-column-is-layout-flow\">\n<figure class=\"wp-block-image size-full is-resized\"><img loading=\"lazy\" decoding=\"async\" width=\"188\" height=\"202\" src=\"https:\/\/ip-think.com\/wp-content\/uploads\/2024\/08\/Support-1.png\" alt=\"\" class=\"wp-image-103\" style=\"width:71px;height:auto\"\/><\/figure>\n\n\n\n<h3 class=\"wp-block-heading has-text-align-left has-medium-font-size\" style=\"margin-top:16px\">Maintenance et Support<\/h3>\n\n\n\n<p class=\"has-text-align-left\">Nous proposons des services de maintenance r\u00e9guli\u00e8re et un support technique r\u00e9actif pour assurer la continuit\u00e9 et la performance de vos syst\u00e8mes.<\/p>\n<\/div>\n<\/div>\n<\/div>\n\n\n\n<div class=\"wp-block-group alignfull is-layout-constrained wp-container-core-group-is-layout-45b0ac4f wp-block-group-is-layout-constrained\" id=\"services\" style=\"padding-top:144px;padding-bottom:0px\">\n<h2 class=\"wp-block-heading\">Notre domaine <\/h2>\n\n\n\n<div class=\"wp-block-columns is-layout-flex wp-container-core-columns-is-layout-60cbf9bb wp-block-columns-is-layout-flex\" style=\"margin-top:50px\">\n<div class=\"wp-block-column is-layout-flow wp-container-core-column-is-layout-6b73ce23 wp-block-column-is-layout-flow\">\n<figure class=\"wp-block-image size-full\"><img loading=\"lazy\" decoding=\"async\" width=\"740\" height=\"740\" src=\"https:\/\/ip-think.com\/wp-content\/uploads\/2024\/08\/Network1.jpg\" alt=\"\" class=\"wp-image-68\" srcset=\"https:\/\/ip-think.com\/wp-content\/uploads\/2024\/08\/Network1.jpg 740w, https:\/\/ip-think.com\/wp-content\/uploads\/2024\/08\/Network1-300x300.jpg 300w, https:\/\/ip-think.com\/wp-content\/uploads\/2024\/08\/Network1-150x150.jpg 150w\" sizes=\"auto, (max-width: 740px) 100vw, 740px\" \/><\/figure>\n\n\n\n<h3 class=\"wp-block-heading has-medium-font-size\" style=\"margin-top:16px\">Installation de r\u00e9seau Informatique<\/h3>\n\n\n\n<p>De la conception \u00e0 la mise en \u0153uvre, nous construisons des r\u00e9seaux informatiques robustes et s\u00e9curis\u00e9s, assurant une connectivit\u00e9 optimale pour vos activit\u00e9s quotidiennes.<\/p>\n<\/div>\n\n\n\n<div class=\"wp-block-column is-layout-flow wp-block-column-is-layout-flow\">\n<figure class=\"wp-block-image size-full is-resized\"><img loading=\"lazy\" decoding=\"async\" width=\"740\" height=\"740\" src=\"https:\/\/ip-think.com\/wp-content\/uploads\/2024\/08\/System-et-reseau-.jpg\" alt=\"\" class=\"wp-image-65\" style=\"width:262px;height:auto\" srcset=\"https:\/\/ip-think.com\/wp-content\/uploads\/2024\/08\/System-et-reseau-.jpg 740w, https:\/\/ip-think.com\/wp-content\/uploads\/2024\/08\/System-et-reseau--300x300.jpg 300w, https:\/\/ip-think.com\/wp-content\/uploads\/2024\/08\/System-et-reseau--150x150.jpg 150w\" sizes=\"auto, (max-width: 740px) 100vw, 740px\" \/><\/figure>\n\n\n\n<div class=\"wp-block-columns is-layout-flex wp-container-core-columns-is-layout-28f84493 wp-block-columns-is-layout-flex\">\n<div class=\"wp-block-column is-layout-flow wp-block-column-is-layout-flow\">\n<h2 class=\"wp-block-heading has-medium-font-size\"><strong>Syst\u00e8mes de S\u00e9curit\u00e9<\/strong><br><\/h2>\n<\/div>\n<\/div>\n\n\n\n<div class=\"wp-block-columns is-layout-flex wp-container-core-columns-is-layout-28f84493 wp-block-columns-is-layout-flex\">\n<div class=\"wp-block-column is-layout-flow wp-block-column-is-layout-flow\">\n<p>Prot\u00e9gez vos biens et vos employ\u00e9s gr\u00e2ce \u00e0 nos solutions de s\u00e9curit\u00e9 avanc\u00e9es : cam\u00e9ras de surveillance, syst\u00e8mes d&rsquo;alarme intrusion et incendie, et contr\u00f4le d&rsquo;acc\u00e8s.<\/p>\n<\/div>\n<\/div>\n<\/div>\n\n\n\n<div class=\"wp-block-column is-layout-flow wp-container-core-column-is-layout-6b73ce23 wp-block-column-is-layout-flow\">\n<figure class=\"wp-block-image size-full\"><img loading=\"lazy\" decoding=\"async\" width=\"740\" height=\"740\" src=\"https:\/\/ip-think.com\/wp-content\/uploads\/2024\/08\/Telephonie.jpg\" alt=\"\" class=\"wp-image-67\" srcset=\"https:\/\/ip-think.com\/wp-content\/uploads\/2024\/08\/Telephonie.jpg 740w, https:\/\/ip-think.com\/wp-content\/uploads\/2024\/08\/Telephonie-300x300.jpg 300w, https:\/\/ip-think.com\/wp-content\/uploads\/2024\/08\/Telephonie-150x150.jpg 150w\" sizes=\"auto, (max-width: 740px) 100vw, 740px\" \/><\/figure>\n\n\n\n<h3 class=\"wp-block-heading has-medium-font-size\" style=\"margin-top:16px\">T\u00e9l\u00e9phonie Professionnelle<\/h3>\n\n\n\n<p>Nous int\u00e9grons des syst\u00e8mes de t\u00e9l\u00e9phonie performants et \u00e9volutifs, adapt\u00e9s aux exigences de communication de votre entreprise, incluant VoIP et solutions collaboratives.<\/p>\n<\/div>\n\n\n\n<div class=\"wp-block-column is-layout-flow wp-container-core-column-is-layout-6b73ce23 wp-block-column-is-layout-flow\">\n<figure class=\"wp-block-image size-full\"><img loading=\"lazy\" decoding=\"async\" width=\"740\" height=\"740\" src=\"https:\/\/ip-think.com\/wp-content\/uploads\/2024\/08\/CFA1.jpg\" alt=\"\" class=\"wp-image-61\" srcset=\"https:\/\/ip-think.com\/wp-content\/uploads\/2024\/08\/CFA1.jpg 740w, https:\/\/ip-think.com\/wp-content\/uploads\/2024\/08\/CFA1-300x300.jpg 300w, https:\/\/ip-think.com\/wp-content\/uploads\/2024\/08\/CFA1-150x150.jpg 150w\" sizes=\"auto, (max-width: 740px) 100vw, 740px\" \/><\/figure>\n\n\n\n<h3 class=\"wp-block-heading has-medium-font-size\" style=\"margin-top:16px\">Solutions de Courant Faible<\/h3>\n\n\n\n<p>Nos solutions de courant faible incluent l\u2019installation de cam\u00e9ras surveillance, alarme intrusion, d\u00e9tection incendie, corole d&rsquo;acc\u00e8s , la t\u00e9l\u00e9distribution , IPTV &#8230;<\/p>\n<\/div>\n<\/div>\n<\/div>\n\n\n\n<div class=\"wp-block-group alignfull has-ast-global-color-5-background-color has-background is-layout-constrained wp-container-core-group-is-layout-94d206d0 wp-block-group-is-layout-constrained\" id=\"about\" style=\"padding-top:143px;padding-bottom:144px\">\n<div class=\"wp-block-columns is-layout-flex wp-container-core-columns-is-layout-28f84493 wp-block-columns-is-layout-flex\">\n<div class=\"wp-block-column is-layout-flow wp-block-column-is-layout-flow\">\n<h2 class=\"wp-block-heading\">Notre engagement va au-del\u00e0 de la simple prestation de services<\/h2>\n<\/div>\n<\/div>\n\n\n\n<div class=\"wp-block-media-text has-media-on-the-right is-stacked-on-mobile is-vertically-aligned-center\" style=\"grid-template-columns:auto 57%\"><div class=\"wp-block-media-text__content\">\n<div class=\"inherit-container-width wp-block-group is-layout-constrained wp-container-core-group-is-layout-47ce07ec wp-block-group-is-layout-constrained\" style=\"padding-right:80px\">\n<p>En nous choisissant, vous optez pour une \u00e9quipe passionn\u00e9e et d\u00e9di\u00e9e, pr\u00eate \u00e0 transformer vos d\u00e9fis en opportunit\u00e9s.<\/p>\n\n\n\n<p>Nous mettons notre expertise \u00e0 votre service pour cr\u00e9er des solutions sur mesure, innovantes et performantes, qui non seulement r\u00e9pondent \u00e0 vos besoins, mais propulsent votre entreprise vers de nouveaux sommets. Votre succ\u00e8s est notre plus grande satisfaction.<\/p>\n<\/div>\n<\/div><figure class=\"wp-block-media-text__media\"><img loading=\"lazy\" decoding=\"async\" width=\"1024\" height=\"596\" src=\"https:\/\/ip-think.com\/wp-content\/uploads\/2024\/08\/Equipe-integteur.jpg\" alt=\"\" class=\"wp-image-110 size-full\" srcset=\"https:\/\/ip-think.com\/wp-content\/uploads\/2024\/08\/Equipe-integteur.jpg 1024w, https:\/\/ip-think.com\/wp-content\/uploads\/2024\/08\/Equipe-integteur-300x175.jpg 300w, https:\/\/ip-think.com\/wp-content\/uploads\/2024\/08\/Equipe-integteur-768x447.jpg 768w\" sizes=\"auto, (max-width: 1024px) 100vw, 1024px\" \/><\/figure><\/div>\n<\/div>\n\n\n\n<div class=\"wp-block-group alignfull has-ast-global-color-4-background-color has-background is-layout-constrained wp-container-core-group-is-layout-6a2cfb7b wp-block-group-is-layout-constrained\" id=\"reviews\">\n<figure class=\"wp-block-image aligncenter size-thumbnail is-resized is-style-rounded wp-duotone-grayscale\"><img loading=\"lazy\" decoding=\"async\" width=\"150\" height=\"150\" src=\"https:\/\/ip-think.com\/wp-content\/uploads\/2024\/08\/IMG_5801-150x150.jpg\" alt=\"\" class=\"wp-image-124\" style=\"width:100px;height:auto\" srcset=\"https:\/\/ip-think.com\/wp-content\/uploads\/2024\/08\/IMG_5801-150x150.jpg 150w, https:\/\/ip-think.com\/wp-content\/uploads\/2024\/08\/IMG_5801-300x300.jpg 300w, https:\/\/ip-think.com\/wp-content\/uploads\/2024\/08\/IMG_5801.jpg 600w\" sizes=\"auto, (max-width: 150px) 100vw, 150px\" \/><\/figure>\n\n\n\n<p class=\"has-text-align-center\" style=\"font-size:22px;line-height:1.6\">\u201cQuand quelque chose est suffisamment important, vous le faites m\u00eame si les chances ne sont pas en votre faveur.\u201d<\/p>\n\n\n\n<p class=\"has-text-align-center\"><strong>Elon Musk<\/strong><\/p>\n<\/div>\n\n\n\n<div class=\"wp-block-group alignfull is-layout-constrained wp-container-core-group-is-layout-3fee123f wp-block-group-is-layout-constrained\" id=\"whyus\" style=\"padding-top:144px;padding-bottom:144px\">\n<h2 class=\"wp-block-heading\">Pourquoi nous Choisir !<\/h2>\n\n\n\n<div class=\"wp-block-columns is-layout-flex wp-container-core-columns-is-layout-29aadeec wp-block-columns-is-layout-flex\" style=\"margin-top:60px\">\n<div class=\"wp-block-column is-layout-flow wp-container-core-column-is-layout-6b73ce23 wp-block-column-is-layout-flow\">\n<figure class=\"wp-block-image size-full is-resized\"><img loading=\"lazy\" decoding=\"async\" width=\"512\" height=\"512\" src=\"https:\/\/ip-think.com\/wp-content\/uploads\/2024\/08\/professionnel-2.png\" alt=\"\" class=\"wp-image-84\" style=\"width:64px;height:auto\" srcset=\"https:\/\/ip-think.com\/wp-content\/uploads\/2024\/08\/professionnel-2.png 512w, https:\/\/ip-think.com\/wp-content\/uploads\/2024\/08\/professionnel-2-300x300.png 300w, https:\/\/ip-think.com\/wp-content\/uploads\/2024\/08\/professionnel-2-150x150.png 150w\" sizes=\"auto, (max-width: 512px) 100vw, 512px\" \/><\/figure>\n\n\n\n<h3 class=\"wp-block-heading has-medium-font-size\" style=\"margin-top:16px\">Exp\u00e9rience et expertise<\/h3>\n\n\n\n<p>Avec plusieurs ann\u00e9es d\u2019exp\u00e9rience, nous avons d\u00e9velopp\u00e9 une expertise reconnue dans l\u2019int\u00e9gration de solutions technologiques complexes.<\/p>\n<\/div>\n\n\n\n<div class=\"wp-block-column is-layout-flow wp-container-core-column-is-layout-6b73ce23 wp-block-column-is-layout-flow\">\n<figure class=\"wp-block-image size-full is-resized\"><img loading=\"lazy\" decoding=\"async\" width=\"512\" height=\"512\" src=\"https:\/\/ip-think.com\/wp-content\/uploads\/2024\/08\/indicateur-1.png\" alt=\"\" class=\"wp-image-87\" style=\"width:66px;height:auto\" srcset=\"https:\/\/ip-think.com\/wp-content\/uploads\/2024\/08\/indicateur-1.png 512w, https:\/\/ip-think.com\/wp-content\/uploads\/2024\/08\/indicateur-1-300x300.png 300w, https:\/\/ip-think.com\/wp-content\/uploads\/2024\/08\/indicateur-1-150x150.png 150w\" sizes=\"auto, (max-width: 512px) 100vw, 512px\" \/><\/figure>\n\n\n\n<h3 class=\"wp-block-heading has-medium-font-size\" style=\"margin-top:16px\"><strong>Solutions sur Mesure<\/strong><\/h3>\n\n\n\n<p>Chaque projet est unique. Nous adaptons nos solutions pour r\u00e9pondre parfaitement \u00e0 vos besoins sp\u00e9cifiques.<\/p>\n<\/div>\n\n\n\n<div class=\"wp-block-column is-layout-flow wp-block-column-is-layout-flow\">\n<figure class=\"wp-block-image size-full is-resized\"><img loading=\"lazy\" decoding=\"async\" width=\"512\" height=\"512\" src=\"https:\/\/ip-think.com\/wp-content\/uploads\/2024\/08\/fiabilite-1.png\" alt=\"\" class=\"wp-image-88\" style=\"width:65px;height:auto\" srcset=\"https:\/\/ip-think.com\/wp-content\/uploads\/2024\/08\/fiabilite-1.png 512w, https:\/\/ip-think.com\/wp-content\/uploads\/2024\/08\/fiabilite-1-300x300.png 300w, https:\/\/ip-think.com\/wp-content\/uploads\/2024\/08\/fiabilite-1-150x150.png 150w\" sizes=\"auto, (max-width: 512px) 100vw, 512px\" \/><\/figure>\n\n\n\n<div class=\"wp-block-columns is-layout-flex wp-container-core-columns-is-layout-28f84493 wp-block-columns-is-layout-flex\">\n<div class=\"wp-block-column is-layout-flow wp-block-column-is-layout-flow\">\n<h2 class=\"wp-block-heading has-medium-font-size\">Fiabilit\u00e9 et Innovation<\/h2>\n<\/div>\n<\/div>\n\n\n\n<p>Nous travaillons avec les meilleures marques du march\u00e9 pour vous offrir des solutions innovantes et fiables.<\/p>\n<\/div>\n\n\n\n<div class=\"wp-block-column is-layout-flow wp-container-core-column-is-layout-6b73ce23 wp-block-column-is-layout-flow\">\n<figure class=\"wp-block-image size-full is-resized\"><img loading=\"lazy\" decoding=\"async\" width=\"512\" height=\"512\" src=\"https:\/\/ip-think.com\/wp-content\/uploads\/2024\/08\/employe.png\" alt=\"\" class=\"wp-image-90\" style=\"width:67px;height:auto\" srcset=\"https:\/\/ip-think.com\/wp-content\/uploads\/2024\/08\/employe.png 512w, https:\/\/ip-think.com\/wp-content\/uploads\/2024\/08\/employe-300x300.png 300w, https:\/\/ip-think.com\/wp-content\/uploads\/2024\/08\/employe-150x150.png 150w\" sizes=\"auto, (max-width: 512px) 100vw, 512px\" \/><\/figure>\n\n\n\n<h3 class=\"wp-block-heading has-medium-font-size\" style=\"margin-top:16px\">Engagement Client<\/h3>\n\n\n\n<p>La satisfaction de nos clients est au c\u0153ur de notre d\u00e9marche. Nous sommes votre partenaire \u00e0 long terme, toujours \u00e0 l\u2019\u00e9coute de vos besoins.<\/p>\n<\/div>\n<\/div>\n<\/div>\n\n\n\n<div class=\"wp-block-group alignfull has-background is-content-justification-left is-layout-constrained wp-container-core-group-is-layout-2659e53a wp-block-group-is-layout-constrained\" id=\"contact\" style=\"background:linear-gradient(35deg,rgb(6,0,151) 0%,rgb(130,4,255) 64%,rgb(193,15,255) 98%);padding-top:104px;padding-bottom:104px\">\n<p class=\"has-text-align-center has-text-color has-medium-font-size\" style=\"color:#ffffff\">Quelques partenaires : Cisco | HP | Dell | Lenovo | Huawei | Alcatel-Lucent | Microsoft | Vmware | Dahua | Hikvision | Simens | Honeywell<\/p>\n\n\n\n<div class=\"wp-block-buttons alignwide is-horizontal is-content-justification-center is-layout-flex wp-container-core-buttons-is-layout-bba8380a wp-block-buttons-is-layout-flex\" style=\"margin-top:50px\">\n<div class=\"wp-block-button\"><a class=\"wp-block-button__link wp-element-button\">Contactez-nous<\/a><\/div>\n<\/div>\n<\/div>\n","protected":false},"excerpt":{"rendered":"<p>Nos services Consultation et Conception Nous \u00e9valuons vos besoins pour concevoir des solutions sur mesure, align\u00e9es avec vos objectifs strat\u00e9giques [&hellip;]<\/p>\n","protected":false},"author":1,"featured_media":0,"parent":0,"menu_order":0,"comment_status":"closed","ping_status":"closed","template":"","meta":{"site-sidebar-layout":"no-sidebar","site-content-layout":"plain-container","ast-site-content-layout":"","site-content-style":"default","site-sidebar-style":"default","ast-global-header-display":"","ast-banner-title-visibility":"","ast-main-header-display":"","ast-hfb-above-header-display":"","ast-hfb-below-header-display":"","ast-hfb-mobile-header-display":"","site-post-title":"disabled","ast-breadcrumbs-content":"","ast-featured-img":"","footer-sml-layout":"","theme-transparent-header-meta":"enabled","adv-header-id-meta":"","stick-header-meta":"","header-above-stick-meta":"","header-main-stick-meta":"","header-below-stick-meta":"","astra-migrate-meta-layouts":"default","ast-page-background-enabled":"default","ast-page-background-meta":{"desktop":{"background-color":"var(--ast-global-color-4)","background-image":"","background-repeat":"repeat","background-position":"center center","background-size":"auto","background-attachment":"scroll","background-type":"","background-media":"","overlay-type":"","overlay-color":"","overlay-opacity":"","overlay-gradient":""},"tablet":{"background-color":"","background-image":"","background-repeat":"repeat","background-position":"center center","background-size":"auto","background-attachment":"scroll","background-type":"","background-media":"","overlay-type":"","overlay-color":"","overlay-opacity":"","overlay-gradient":""},"mobile":{"background-color":"","background-image":"","background-repeat":"repeat","background-position":"center center","background-size":"auto","background-attachment":"scroll","background-type":"","background-media":"","overlay-type":"","overlay-color":"","overlay-opacity":"","overlay-gradient":""}},"ast-content-background-meta":{"desktop":{"background-color":"var(--ast-global-color-5)","background-image":"","background-repeat":"repeat","background-position":"center center","background-size":"auto","background-attachment":"scroll","background-type":"","background-media":"","overlay-type":"","overlay-color":"","overlay-opacity":"","overlay-gradient":""},"tablet":{"background-color":"var(--ast-global-color-5)","background-image":"","background-repeat":"repeat","background-position":"center center","background-size":"auto","background-attachment":"scroll","background-type":"","background-media":"","overlay-type":"","overlay-color":"","overlay-opacity":"","overlay-gradient":""},"mobile":{"background-color":"var(--ast-global-color-5)","background-image":"","background-repeat":"repeat","background-position":"center center","background-size":"auto","background-attachment":"scroll","background-type":"","background-media":"","overlay-type":"","overlay-color":"","overlay-opacity":"","overlay-gradient":""}},"footnotes":""},"class_list":["post-7","page","type-page","status-publish","hentry"],"_links":{"self":[{"href":"https:\/\/ip-think.com\/index.php\/wp-json\/wp\/v2\/pages\/7","targetHints":{"allow":["GET"]}}],"collection":[{"href":"https:\/\/ip-think.com\/index.php\/wp-json\/wp\/v2\/pages"}],"about":[{"href":"https:\/\/ip-think.com\/index.php\/wp-json\/wp\/v2\/types\/page"}],"author":[{"embeddable":true,"href":"https:\/\/ip-think.com\/index.php\/wp-json\/wp\/v2\/users\/1"}],"replies":[{"embeddable":true,"href":"https:\/\/ip-think.com\/index.php\/wp-json\/wp\/v2\/comments?post=7"}],"version-history":[{"count":46,"href":"https:\/\/ip-think.com\/index.php\/wp-json\/wp\/v2\/pages\/7\/revisions"}],"predecessor-version":[{"id":141,"href":"https:\/\/ip-think.com\/index.php\/wp-json\/wp\/v2\/pages\/7\/revisions\/141"}],"wp:attachment":[{"href":"https:\/\/ip-think.com\/index.php\/wp-json\/wp\/v2\/media?parent=7"}],"curies":[{"name":"wp","href":"https:\/\/api.w.org\/{rel}","templated":true}]}}